{"id":35639,"date":"2015-04-06T10:13:34","date_gmt":"2015-04-06T10:13:34","guid":{"rendered":"http:\/\/www.restaurantgallery.sk\/en\/?page_id=35639"},"modified":"2015-05-09T13:51:13","modified_gmt":"2015-05-09T13:51:13","slug":"restaurant","status":"publish","type":"page","link":"http:\/\/www.restaurantgallery.sk\/en\/restaurant\/","title":{"rendered":"Restaurant"},"content":{"rendered":"<p>[vc_row][vc_column width=&#8221;1\/1&#8243;]<section class=\"shortcode-action-box table shortcode-action-bg block-style-widget\"><div class=\"\"><h3>Enjoy the pleasure of home and international cuisine along with the pleasant sitting in a stylish environment.<\/h3>\n<\/div><\/section>[vc_empty_space height=&#8221;30px&#8221;][\/vc_column][\/vc_row][vc_row][vc_column width=&#8221;1\/2&#8243;][vc_column_text]<\/p>\n<h4>Restaurant Gallery offers:<\/h4>\n<p>[\/vc_column_text][vc_empty_space height=&#8221;20px&#8221;]<div class=\"standard-arrow list-divider bullet-top\"><ul>\n<li>a wide variety of meals from fresh and quality ingredients<\/li>\n<li>modern, variable, air-conditioned and patchable premises (weddings, events, graduations, familiar or children\u2019s celebrations)<\/li>\n<li>gallery of paintings of distinguished painter Ladislav Pr\u00edtela and an exhibition of recognised glass artist Mari\u00e1n Kov\u00e1\u010dik<\/li>\n<li>continental breakfast<\/li>\n<li>WiFi internet access, strengthened phone signal<\/li>\n<li>quality wine menu<\/li>\n<li>a selection of cigars<\/li>\n<li>catering<\/li>\n<li>free parking<\/li>\n<\/ul>\n<\/div>[\/vc_column][vc_column width=&#8221;1\/2&#8243;][vc_column_text]<\/p>\n<div class=\"shortcode-gallery dt-format-gallery gallery-col-3 galleryid-35639 dt-gallery-container\" style=\"width: 100%;\"><a href=\"http:\/\/www.restaurantgallery.sk\/en\/restauracia-10\/\" class=\"rollover big-img layzr-bg\" title=\"Re\u0161taur\u00e1cia Byt\u010da\" ><img loading=\"lazy\" decoding=\"async\" src=\"data:image\/svg+xml,%3Csvg%20xmlns%3D&#39;http%3A%2F%2Fwww.w3.org%2F2000%2Fsvg&#39;%20viewBox%3D&#39;0%200%20600%20600&#39;%2F%3E\" data-src=\"http:\/\/www.restaurantgallery.sk\/en\/wp-content\/uploads\/sites\/3\/restauracia-10-600x600.jpg\" data-srcset=\"http:\/\/www.restaurantgallery.sk\/en\/wp-content\/uploads\/sites\/3\/restauracia-10-600x600.jpg 600w\" class=\"lazy-load preload-me\" width=\"600\" height=\"600\"  alt=\"Re\u0161taur\u00e1cia Byt\u010da\" title=\"Re\u0161taur\u00e1cia Byt\u010da\" \/><\/a><a href=\"http:\/\/www.restaurantgallery.sk\/en\/restauracia-6\/\" class=\"rollover layzr-bg\" title=\"Re\u0161taur\u00e1cia Byt\u010da\" ><img loading=\"lazy\" decoding=\"async\" src=\"data:image\/svg+xml,%3Csvg%20xmlns%3D&#39;http%3A%2F%2Fwww.w3.org%2F2000%2Fsvg&#39;%20viewBox%3D&#39;0%200%20300%20300&#39;%2F%3E\" data-src=\"http:\/\/www.restaurantgallery.sk\/en\/wp-content\/uploads\/sites\/3\/restauracia-6-300x300.jpg\" data-srcset=\"http:\/\/www.restaurantgallery.sk\/en\/wp-content\/uploads\/sites\/3\/restauracia-6-300x300.jpg 300w, http:\/\/www.restaurantgallery.sk\/en\/wp-content\/uploads\/sites\/3\/restauracia-6-600x600.jpg 600w\" class=\"lazy-load preload-me\" width=\"300\" height=\"300\"  alt=\"Re\u0161taur\u00e1cia Byt\u010da\" title=\"Re\u0161taur\u00e1cia Byt\u010da\" \/><\/a><a href=\"http:\/\/www.restaurantgallery.sk\/en\/restauracia-9\/\" class=\"rollover layzr-bg\" title=\"Re\u0161taur\u00e1cia Byt\u010da\" ><img loading=\"lazy\" decoding=\"async\" src=\"data:image\/svg+xml,%3Csvg%20xmlns%3D&#39;http%3A%2F%2Fwww.w3.org%2F2000%2Fsvg&#39;%20viewBox%3D&#39;0%200%20300%20300&#39;%2F%3E\" data-src=\"http:\/\/www.restaurantgallery.sk\/en\/wp-content\/uploads\/sites\/3\/restauracia-9-300x300.jpg\" data-srcset=\"http:\/\/www.restaurantgallery.sk\/en\/wp-content\/uploads\/sites\/3\/restauracia-9-300x300.jpg 300w, http:\/\/www.restaurantgallery.sk\/en\/wp-content\/uploads\/sites\/3\/restauracia-9-600x600.jpg 600w\" class=\"lazy-load preload-me\" width=\"300\" height=\"300\"  alt=\"Re\u0161taur\u00e1cia Byt\u010da\" title=\"Re\u0161taur\u00e1cia Byt\u010da\" \/><\/a><a href=\"http:\/\/www.restaurantgallery.sk\/en\/restauracia-7\/\" class=\"rollover layzr-bg\" title=\"Re\u0161taur\u00e1cia Byt\u010da\" ><img loading=\"lazy\" decoding=\"async\" src=\"data:image\/svg+xml,%3Csvg%20xmlns%3D&#39;http%3A%2F%2Fwww.w3.org%2F2000%2Fsvg&#39;%20viewBox%3D&#39;0%200%20300%20300&#39;%2F%3E\" data-src=\"http:\/\/www.restaurantgallery.sk\/en\/wp-content\/uploads\/sites\/3\/restauracia-7-300x300.jpg\" data-srcset=\"http:\/\/www.restaurantgallery.sk\/en\/wp-content\/uploads\/sites\/3\/restauracia-7-300x300.jpg 300w, http:\/\/www.restaurantgallery.sk\/en\/wp-content\/uploads\/sites\/3\/restauracia-7-600x600.jpg 600w\" class=\"lazy-load preload-me\" width=\"300\" height=\"300\"  alt=\"Re\u0161taur\u00e1cia Byt\u010da\" title=\"Re\u0161taur\u00e1cia Byt\u010da\" \/><\/a><a href=\"http:\/\/www.restaurantgallery.sk\/en\/restauracia-4\/\" class=\"rollover layzr-bg\" title=\"Re\u0161taur\u00e1cia Byt\u010da\" ><img loading=\"lazy\" decoding=\"async\" src=\"data:image\/svg+xml,%3Csvg%20xmlns%3D&#39;http%3A%2F%2Fwww.w3.org%2F2000%2Fsvg&#39;%20viewBox%3D&#39;0%200%20300%20300&#39;%2F%3E\" data-src=\"http:\/\/www.restaurantgallery.sk\/en\/wp-content\/uploads\/sites\/3\/restauracia-4-300x300.jpg\" data-srcset=\"http:\/\/www.restaurantgallery.sk\/en\/wp-content\/uploads\/sites\/3\/restauracia-4-300x300.jpg 300w, http:\/\/www.restaurantgallery.sk\/en\/wp-content\/uploads\/sites\/3\/restauracia-4-600x600.jpg 600w\" class=\"lazy-load preload-me\" width=\"300\" height=\"300\"  alt=\"Re\u0161taur\u00e1cia Byt\u010da\" title=\"Re\u0161taur\u00e1cia Byt\u010da\" \/><\/a><a href=\"http:\/\/www.restaurantgallery.sk\/en\/restauracia-8\/\" class=\"rollover layzr-bg\" title=\"Re\u0161taur\u00e1cia Byt\u010da\" ><img loading=\"lazy\" decoding=\"async\" src=\"data:image\/svg+xml,%3Csvg%20xmlns%3D&#39;http%3A%2F%2Fwww.w3.org%2F2000%2Fsvg&#39;%20viewBox%3D&#39;0%200%20300%20300&#39;%2F%3E\" data-src=\"http:\/\/www.restaurantgallery.sk\/en\/wp-content\/uploads\/sites\/3\/restauracia-8-300x300.jpg\" data-srcset=\"http:\/\/www.restaurantgallery.sk\/en\/wp-content\/uploads\/sites\/3\/restauracia-8-300x300.jpg 300w, http:\/\/www.restaurantgallery.sk\/en\/wp-content\/uploads\/sites\/3\/restauracia-8-600x600.jpg 600w\" class=\"lazy-load preload-me\" width=\"300\" height=\"300\"  alt=\"Re\u0161taur\u00e1cia Byt\u010da\" title=\"Re\u0161taur\u00e1cia Byt\u010da\" \/><\/a><a href=\"http:\/\/www.restaurantgallery.sk\/en\/restauracia-2-2\/\" class=\"rollover layzr-bg\" title=\"Re\u0161taur\u00e1cia Byt\u010da\" ><img loading=\"lazy\" decoding=\"async\" src=\"data:image\/svg+xml,%3Csvg%20xmlns%3D&#39;http%3A%2F%2Fwww.w3.org%2F2000%2Fsvg&#39;%20viewBox%3D&#39;0%200%20300%20300&#39;%2F%3E\" data-src=\"http:\/\/www.restaurantgallery.sk\/en\/wp-content\/uploads\/sites\/3\/restauracia-2-300x300.jpg\" data-srcset=\"http:\/\/www.restaurantgallery.sk\/en\/wp-content\/uploads\/sites\/3\/restauracia-2-300x300.jpg 300w, http:\/\/www.restaurantgallery.sk\/en\/wp-content\/uploads\/sites\/3\/restauracia-2-600x600.jpg 600w\" class=\"lazy-load preload-me\" width=\"300\" height=\"300\"  alt=\"Re\u0161taur\u00e1cia Byt\u010da\" title=\"Re\u0161taur\u00e1cia Byt\u010da\" \/><\/a><a href=\"http:\/\/www.restaurantgallery.sk\/en\/restauracia-5\/\" class=\"rollover layzr-bg\" title=\"Re\u0161taur\u00e1cia Byt\u010da\" ><img loading=\"lazy\" decoding=\"async\" src=\"data:image\/svg+xml,%3Csvg%20xmlns%3D&#39;http%3A%2F%2Fwww.w3.org%2F2000%2Fsvg&#39;%20viewBox%3D&#39;0%200%20300%20300&#39;%2F%3E\" data-src=\"http:\/\/www.restaurantgallery.sk\/en\/wp-content\/uploads\/sites\/3\/restauracia-5-300x300.jpg\" data-srcset=\"http:\/\/www.restaurantgallery.sk\/en\/wp-content\/uploads\/sites\/3\/restauracia-5-300x300.jpg 300w, http:\/\/www.restaurantgallery.sk\/en\/wp-content\/uploads\/sites\/3\/restauracia-5-600x600.jpg 600w\" class=\"lazy-load preload-me\" width=\"300\" height=\"300\"  alt=\"Re\u0161taur\u00e1cia Byt\u010da\" title=\"Re\u0161taur\u00e1cia Byt\u010da\" \/><\/a><a href=\"http:\/\/www.restaurantgallery.sk\/en\/restauracia-11\/\" class=\"rollover layzr-bg\" title=\"Re\u0161taur\u00e1cia Byt\u010da\" ><img loading=\"lazy\" decoding=\"async\" src=\"data:image\/svg+xml,%3Csvg%20xmlns%3D&#39;http%3A%2F%2Fwww.w3.org%2F2000%2Fsvg&#39;%20viewBox%3D&#39;0%200%20300%20300&#39;%2F%3E\" data-src=\"http:\/\/www.restaurantgallery.sk\/en\/wp-content\/uploads\/sites\/3\/restauracia-11-300x300.jpg\" data-srcset=\"http:\/\/www.restaurantgallery.sk\/en\/wp-content\/uploads\/sites\/3\/restauracia-11-300x300.jpg 300w, http:\/\/www.restaurantgallery.sk\/en\/wp-content\/uploads\/sites\/3\/restauracia-11-600x600.jpg 600w\" class=\"lazy-load preload-me\" width=\"300\" height=\"300\"  alt=\"Re\u0161taur\u00e1cia Byt\u010da\" title=\"Re\u0161taur\u00e1cia Byt\u010da\" \/><\/a><\/div>\n<p>[\/vc_column_text][\/vc_column][\/vc_row][vc_row][vc_column width=&#8221;1\/1&#8243;][vc_empty_space height=&#8221;15px&#8221;][vc_column_text]<strong>Receptions and celebrations, banquets for business directories, christmas parties for companies or private celebrations for anyone. Each social event is unique. Our location, environment, originality and human approach make a favourite place of organisation of any successful occasion from our Restaurant Gallery.<\/strong>[\/vc_column_text][\/vc_column][\/vc_row]<\/p>\n","protected":false},"excerpt":{"rendered":"<p>[vc_row][vc_column width=&#8221;1\/1&#8243;][vc_empty_space height=&#8221;30px&#8221;][\/vc_column][\/vc_row][vc_row][vc_column width=&#8221;1\/2&#8243;][vc_column_text] Restaurant Gallery offers: [\/vc_column_text][vc_empty_space height=&#8221;20px&#8221;][\/vc_column][vc_column width=&#8221;1\/2&#8243;][vc_column_text] [\/vc_column_text][\/vc_column][\/vc_row][vc_row][vc_column width=&#8221;1\/1&#8243;][vc_empty_space height=&#8221;15px&#8221;][vc_column_text]Receptions and celebrations, banquets for business directories, christmas parties for companies or private celebrations for anyone. Each social event is unique. Our location, environment, originality and human approach make a favourite place of organisation of any successful occasion from our Restaurant Gallery.[\/vc_column_text][\/vc_column][\/vc_row]<\/p>\n","protected":false},"author":1,"featured_media":0,"parent":0,"menu_order":5,"comment_status":"closed","ping_status":"closed","template":"","meta":[],"class_list":["post-35639","page","type-page","status-publish","hentry","description-off"],"aioseo_notices":[],"_links":{"self":[{"href":"http:\/\/www.restaurantgallery.sk\/en\/wp-json\/wp\/v2\/pages\/35639","targetHints":{"allow":["GET"]}}],"collection":[{"href":"http:\/\/www.restaurantgallery.sk\/en\/wp-json\/wp\/v2\/pages"}],"about":[{"href":"http:\/\/www.restaurantgallery.sk\/en\/wp-json\/wp\/v2\/types\/page"}],"author":[{"embeddable":true,"href":"http:\/\/www.restaurantgallery.sk\/en\/wp-json\/wp\/v2\/users\/1"}],"replies":[{"embeddable":true,"href":"http:\/\/www.restaurantgallery.sk\/en\/wp-json\/wp\/v2\/comments?post=35639"}],"version-history":[{"count":0,"href":"http:\/\/www.restaurantgallery.sk\/en\/wp-json\/wp\/v2\/pages\/35639\/revisions"}],"wp:attachment":[{"href":"http:\/\/www.restaurantgallery.sk\/en\/wp-json\/wp\/v2\/media?parent=35639"}],"curies":[{"name":"wp","href":"https:\/\/api.w.org\/{rel}","templated":true}]}}